{"id":163,"date":"2022-05-13T16:50:01","date_gmt":"2022-05-13T07:50:01","guid":{"rendered":"https:\/\/chillspot-delbarrio.info\/?page_id=163"},"modified":"2022-05-22T15:28:58","modified_gmt":"2022-05-22T06:28:58","slug":"save-akiya-build-community-espanol","status":"publish","type":"page","link":"https:\/\/chillspot-delbarrio.info\/?page_id=163&lang=es","title":{"rendered":"\u00a1Salva la Akiya, construye una comunidad!"},"content":{"rendered":"\n<h2 class=\"wp-block-heading\">Sobre nosotros<\/h2>\n\n\n\n<p>Chill Spot del Barrio es un espacio comunitario adjunto al Centro de Consejer\u00eda de Viviendas Abandonadas de la ciudad de Nakano. Nuestro objetivo es crear un lugar donde las personas de varias generaciones puedan reunirse e interactuar f\u00e1cilmente entre s\u00ed y ser reconocidos como uno de los ejemplos de utilizaci\u00f3n de casas vac\u00edas.<\/p>\n\n\n\n<p>Chill spot = espacio relajante, Del barrio = espa\u00f1ol para &#8220;barrio&#8221;. Solo hay un estacionamiento, por lo que le agradecer\u00edamos que pudiera visitarnos durante un paseo tranquilo.<\/p>\n\n\n\n<h2 class=\"wp-block-heading\">Horas<\/h2>\n\n\n\n<p>Mi\u00e9rcoles-Domingo 9:00-17:30<\/p>\n\n\n\n<p>Abierto lunes y martes si son d\u00edas festivos. (Trasladaremos las vacaciones al d\u00eda siguiente)<\/p>\n\n\n\n<p>Consulte el calendario en la p\u00e1gina web para obtener m\u00e1s detalles.<\/p>\n\n\n\n<p>P\u00f3ngase en contacto con nosotros por adelantado para el uso durante horas extras.<\/p>\n\n\n\n<p><\/p>\n\n\n\n<h2 class=\"wp-block-heading\">Ubicaci\u00f3n<\/h2>\n\n\n\n<iframe src=\"https:\/\/www.google.com\/maps\/embed?pb=!1m18!1m12!1m3!1d3197.057179260951!2d138.3612200150305!3d36.74519857849404!2m3!1f0!2f0!3f0!3m2!1i1024!2i768!4f13.1!3m3!1m2!1s0x601d8bb0822f28a1%3A0x6bc71e1c7dd440a4!2z44OH44Or44OQ44Oq44Kq!5e0!3m2!1sja!2sjp!4v1653200879364!5m2!1sja!2sjp\" width=\"600\" height=\"450\" style=\"border:0;\" allowfullscreen=\"\" loading=\"lazy\" referrerpolicy=\"no-referrer-when-downgrade\"><\/iframe>\n","protected":false},"excerpt":{"rendered":"<p>Sobre nosotr [&hellip;]<\/p>\n","protected":false},"author":1,"featured_media":0,"parent":0,"menu_order":0,"comment_status":"closed","ping_status":"closed","template":"","meta":{"footnotes":""},"class_list":["post-163","page","type-page","status-publish","hentry"],"_links":{"self":[{"href":"https:\/\/chillspot-delbarrio.info\/index.php?rest_route=\/wp\/v2\/pages\/163","targetHints":{"allow":["GET"]}}],"collection":[{"href":"https:\/\/chillspot-delbarrio.info\/index.php?rest_route=\/wp\/v2\/pages"}],"about":[{"href":"https:\/\/chillspot-delbarrio.info\/index.php?rest_route=\/wp\/v2\/types\/page"}],"author":[{"embeddable":true,"href":"https:\/\/chillspot-delbarrio.info\/index.php?rest_route=\/wp\/v2\/users\/1"}],"replies":[{"embeddable":true,"href":"https:\/\/chillspot-delbarrio.info\/index.php?rest_route=%2Fwp%2Fv2%2Fcomments&post=163"}],"version-history":[{"count":1,"href":"https:\/\/chillspot-delbarrio.info\/index.php?rest_route=\/wp\/v2\/pages\/163\/revisions"}],"predecessor-version":[{"id":260,"href":"https:\/\/chillspot-delbarrio.info\/index.php?rest_route=\/wp\/v2\/pages\/163\/revisions\/260"}],"wp:attachment":[{"href":"https:\/\/chillspot-delbarrio.info\/index.php?rest_route=%2Fwp%2Fv2%2Fmedia&parent=163"}],"curies":[{"name":"wp","href":"https:\/\/api.w.org\/{rel}","templated":true}]}}